{"id":125,"date":"2022-11-01T18:12:30","date_gmt":"2022-11-01T18:12:30","guid":{"rendered":"https:\/\/corunarollerderby.es\/?page_id=125"},"modified":"2022-11-05T19:37:27","modified_gmt":"2022-11-05T19:37:27","slug":"roller-derby","status":"publish","type":"page","link":"https:\/\/corunarollerderby.es\/?page_id=125","title":{"rendered":"Roller Derby"},"content":{"rendered":"\n<h2 class=\"wp-block-heading\">Roller Derby<\/h2>\n\n\n\n<div style=\"height:80px\" aria-hidden=\"true\" class=\"wp-block-spacer\"><\/div>\n\n\n\n<div id=\"wp-block-themeisle-blocks-advanced-columns-e10ef651\" class=\"wp-block-themeisle-blocks-advanced-columns has-1-columns has-desktop-equal-layout has-tablet-equal-layout has-mobile-equal-layout has-vertical-unset\"><div class=\"wp-block-themeisle-blocks-advanced-columns-overlay\"><\/div><div class=\"innerblocks-wrap\">\n<div id=\"wp-block-themeisle-blocks-advanced-column-5501bfbd\" class=\"wp-block-themeisle-blocks-advanced-column\">\n<figure class=\"wp-block-image aligncenter size-full\"><img loading=\"lazy\" decoding=\"async\" width=\"480\" height=\"303\" src=\"https:\/\/corunarollerderby.es\/wp-content\/uploads\/2022\/11\/rules_rollerderby.jpeg\" alt=\"Pista Roller Derby\" class=\"wp-image-126\" srcset=\"https:\/\/corunarollerderby.es\/wp-content\/uploads\/2022\/11\/rules_rollerderby.jpeg 480w, https:\/\/corunarollerderby.es\/wp-content\/uploads\/2022\/11\/rules_rollerderby-300x189.jpeg 300w\" sizes=\"auto, (max-width: 480px) 100vw, 480px\" \/><\/figure>\n<\/div>\n<\/div><\/div>\n\n\n\n<div style=\"height:80px\" aria-hidden=\"true\" class=\"wp-block-spacer\"><\/div>\n\n\n\n<p>O Roller Derby, semella un deporte novo m\u00e1is ten case 100 anos, naceu en EEUU nos anos 20 e na actualidade goza de gran popularidade contando con numerosos equipos e asociaci\u00f3ns deportivas por todo o mundo.<\/p>\n\n\n\n<p>\u00c9 un deporte de contacto, que se xoga nunha pista de forma oval e con pat\u00edns quad (tam\u00e9n chamados tradicionais ou de eixe paralelo). Dous equipos xogan para obter maior n\u00famero de puntos, que conseguen a trav\u00e9s das jammers. Non hai pelota nin disco, quen anota os puntos \u00e9 unha xogadora chamada \u00ab<strong>jammer<\/strong>\u00ab. Un partido, chamado bout, dura aproximadamente unha hora e consta de dous tempos de media hora.<\/p>\n\n\n\n<p>Cada equipo alinea un m\u00e1ximo de cinco xogadores e o tempo de xogo div\u00eddese en jams, que duran como m\u00e1ximo dous minutos. Entre jam e jam contan trinta segundos, os necesarios para que o equipo alinee novamente os xogadores.<\/p>\n\n\n\n<p>Sendo un deporte de velocidade e contacto, \u00e9 preciso ter unhas habilidades de pat\u00edn b\u00e1sicas, as\u00ed como o co\u00f1ecemento das regras.<\/p>\n\n\n\n<p>Cada encontro conta co personal de arbitraxe, que consta de 5 a 7 \u00e1rbitros que velan polo bo cumprimento das normas e o bo xogo. As\u00ed mesmo, para a anotaci\u00f3n de puntos e faltas, \u00e9 preciso contar ca axuda e traballo dos chamados oficiais sen pat\u00edns (en ingl\u00e9s NSO, <em>non skating officials<\/em>). Cada encontro necesita dun gran recurso humano polo que \u00e9 un deporte que procura personal para xogar, arbitrar e axudar constantemente.<\/p>\n\n\n\n<p>Malia existir outras modalidades de Roller Derby, principalmente nos EEUU, o m\u00e1is xogado e con influencia \u00e9 o WFTDA (<em>Womens Flat Track Derby Association<\/em>). <a rel=\"noreferrer noopener\" href=\"https:\/\/wftda.com\/\" target=\"_blank\">M\u00e1is informaci\u00f3n aqu\u00ed<\/a>.<\/p>\n\n\n\n<p>En Galicia xogamos a Liga Galega de Roller Derby dende 2018 e Irmandi\u00f1as fomos parte da pre liga coa I Copa Federativa de Roller Derby Galega.<\/p>\n\n\n\n<div style=\"height:100px\" aria-hidden=\"true\" class=\"wp-block-spacer\"><\/div>\n","protected":false},"excerpt":{"rendered":"<p>Roller Derby O Roller Derby, semella un deporte novo m\u00e1is ten case 100 anos, naceu en EEUU nos anos 20 e na actualidade goza de gran popularidade contando con numerosos equipos e asociaci\u00f3ns deportivas por todo o mundo. \u00c9 un deporte de contacto, que se xoga nunha pista de forma oval e con pat\u00edns quad &hellip; <\/p>\n<p class=\"link-more\"><a href=\"https:\/\/corunarollerderby.es\/?page_id=125\" class=\"more-link\">Leer m\u00e1s<span class=\"screen-reader-text\"> \u00abRoller Derby\u00bb<\/span><\/a><\/p>\n","protected":false},"author":1,"featured_media":0,"parent":0,"menu_order":0,"comment_status":"closed","ping_status":"closed","template":"","meta":{"inspiro_hide_title":false,"footnotes":""},"class_list":["post-125","page","type-page","status-publish","hentry"],"_links":{"self":[{"href":"https:\/\/corunarollerderby.es\/index.php?rest_route=\/wp\/v2\/pages\/125","targetHints":{"allow":["GET"]}}],"collection":[{"href":"https:\/\/corunarollerderby.es\/index.php?rest_route=\/wp\/v2\/pages"}],"about":[{"href":"https:\/\/corunarollerderby.es\/index.php?rest_route=\/wp\/v2\/types\/page"}],"author":[{"embeddable":true,"href":"https:\/\/corunarollerderby.es\/index.php?rest_route=\/wp\/v2\/users\/1"}],"replies":[{"embeddable":true,"href":"https:\/\/corunarollerderby.es\/index.php?rest_route=%2Fwp%2Fv2%2Fcomments&post=125"}],"version-history":[{"count":9,"href":"https:\/\/corunarollerderby.es\/index.php?rest_route=\/wp\/v2\/pages\/125\/revisions"}],"predecessor-version":[{"id":222,"href":"https:\/\/corunarollerderby.es\/index.php?rest_route=\/wp\/v2\/pages\/125\/revisions\/222"}],"wp:attachment":[{"href":"https:\/\/corunarollerderby.es\/index.php?rest_route=%2Fwp%2Fv2%2Fmedia&parent=125"}],"curies":[{"name":"wp","href":"https:\/\/api.w.org\/{rel}","templated":true}]}}