{"id":426,"date":"2025-07-08T16:23:16","date_gmt":"2025-07-08T16:23:16","guid":{"rendered":"https:\/\/corunarollerderby.es\/?page_id=426"},"modified":"2025-07-08T16:40:18","modified_gmt":"2025-07-08T16:40:18","slug":"actividades","status":"publish","type":"page","link":"https:\/\/corunarollerderby.es\/?page_id=426","title":{"rendered":"Actividades"},"content":{"rendered":"\n<p>Non s\u00f3 podes gozar das nosas clases de iniciaci\u00f3n, sen\u00f3n tam\u00e9n de adestramentos especiais para todos os niveis, roteiros en pat\u00edn, obradoiros, etc.<\/p>\n\n\n\n<p>O noso obxectivo e achegar o roller derby a xente e cremos que e unha ferramenta de inclusi\u00f3n e empoderamento. Dende decembro de 2024 organizamos encontros amistosos na Coru\u00f1a cunha alta participaci\u00f3n as\u00ed como tecnificacions abertas.<\/p>\n\n\n\n<figure class=\"wp-block-image size-large\"><img loading=\"lazy\" decoding=\"async\" width=\"1024\" height=\"768\" src=\"https:\/\/corunarollerderby.es\/wp-content\/uploads\/2025\/07\/amistoso-1024x768.jpg\" alt=\"\" class=\"wp-image-434\" srcset=\"https:\/\/corunarollerderby.es\/wp-content\/uploads\/2025\/07\/amistoso-1024x768.jpg 1024w, https:\/\/corunarollerderby.es\/wp-content\/uploads\/2025\/07\/amistoso-300x225.jpg 300w, https:\/\/corunarollerderby.es\/wp-content\/uploads\/2025\/07\/amistoso.jpg 1600w\" sizes=\"auto, (max-width: 1024px) 100vw, 1024px\" \/><\/figure>\n\n\n\n<figure class=\"wp-block-image size-large\"><img loading=\"lazy\" decoding=\"async\" width=\"1024\" height=\"989\" src=\"https:\/\/corunarollerderby.es\/wp-content\/uploads\/2025\/07\/bootcamppol8junio2-1024x989.jpg\" alt=\"\" class=\"wp-image-436\" srcset=\"https:\/\/corunarollerderby.es\/wp-content\/uploads\/2025\/07\/bootcamppol8junio2-1024x989.jpg 1024w, https:\/\/corunarollerderby.es\/wp-content\/uploads\/2025\/07\/bootcamppol8junio2-300x290.jpg 300w, https:\/\/corunarollerderby.es\/wp-content\/uploads\/2025\/07\/bootcamppol8junio2.jpg 1786w\" sizes=\"auto, (max-width: 1024px) 100vw, 1024px\" \/><\/figure>\n\n\n\n<hr class=\"wp-block-separator has-alpha-channel-opacity\"\/>\n\n\n\n<p><\/p>\n","protected":false},"excerpt":{"rendered":"<p>Non s\u00f3 podes gozar das nosas clases de iniciaci\u00f3n, sen\u00f3n tam\u00e9n de adestramentos especiais para todos os niveis, roteiros en pat\u00edn, obradoiros, etc. O noso obxectivo e achegar o roller derby a xente e cremos que e unha ferramenta de inclusi\u00f3n e empoderamento. Dende decembro de 2024 organizamos encontros amistosos na Coru\u00f1a cunha alta participaci\u00f3n &hellip; <\/p>\n<p class=\"link-more\"><a href=\"https:\/\/corunarollerderby.es\/?page_id=426\" class=\"more-link\">Leer m\u00e1s<span class=\"screen-reader-text\"> \u00abActividades\u00bb<\/span><\/a><\/p>\n","protected":false},"author":1,"featured_media":0,"parent":0,"menu_order":0,"comment_status":"closed","ping_status":"closed","template":"","meta":{"inspiro_hide_title":false,"footnotes":""},"class_list":["post-426","page","type-page","status-publish","hentry"],"_links":{"self":[{"href":"https:\/\/corunarollerderby.es\/index.php?rest_route=\/wp\/v2\/pages\/426","targetHints":{"allow":["GET"]}}],"collection":[{"href":"https:\/\/corunarollerderby.es\/index.php?rest_route=\/wp\/v2\/pages"}],"about":[{"href":"https:\/\/corunarollerderby.es\/index.php?rest_route=\/wp\/v2\/types\/page"}],"author":[{"embeddable":true,"href":"https:\/\/corunarollerderby.es\/index.php?rest_route=\/wp\/v2\/users\/1"}],"replies":[{"embeddable":true,"href":"https:\/\/corunarollerderby.es\/index.php?rest_route=%2Fwp%2Fv2%2Fcomments&post=426"}],"version-history":[{"count":5,"href":"https:\/\/corunarollerderby.es\/index.php?rest_route=\/wp\/v2\/pages\/426\/revisions"}],"predecessor-version":[{"id":440,"href":"https:\/\/corunarollerderby.es\/index.php?rest_route=\/wp\/v2\/pages\/426\/revisions\/440"}],"wp:attachment":[{"href":"https:\/\/corunarollerderby.es\/index.php?rest_route=%2Fwp%2Fv2%2Fmedia&parent=426"}],"curies":[{"name":"wp","href":"https:\/\/api.w.org\/{rel}","templated":true}]}}