{"id":55,"date":"2022-09-14T21:11:20","date_gmt":"2022-09-14T21:11:20","guid":{"rendered":"https:\/\/corunarollerderby.es\/?page_id=55"},"modified":"2025-09-10T07:46:28","modified_gmt":"2025-09-10T07:46:28","slug":"inicio","status":"publish","type":"page","link":"https:\/\/corunarollerderby.es\/","title":{"rendered":"Xornadas portas abertas"},"content":{"rendered":"\n<p><\/p>\n\n\n\n<p><\/p>\n\n\n\n<p>\ud83c\udf89 <em>XORNADA DE PORTAS ABERTAS<\/em> \ud83c\udf89<\/p>\n\n\n\n<p>Tes m\u00e1is de 15 anos e gustar\u00edache unirte a un equipo incrible?<br>V\u00e9n co\u00f1ecernos o <strong>xoves 11 de setembro \u00e1s 21:00 h<\/strong> no <strong>Polideportivo Agra Forus<\/strong>.<\/p>\n\n\n\n<p>Podes <strong>probar<\/strong> connosco na pista ou simplemente <strong>vir de o\u00ednte<\/strong> para ver como funciona o equipo. O importante \u00e9 que te achegue!<\/p>\n\n\n\n<p>Por favor utiliza a caixa de contacto para inscribirte!<\/p>\n\n\n\n<figure class=\"wp-block-image aligncenter size-large is-resized\"><img loading=\"lazy\" decoding=\"async\" width=\"724\" height=\"1024\" src=\"https:\/\/corunarollerderby.es\/wp-content\/uploads\/2025\/08\/setembro25jjppaaBR-724x1024.jpg\" alt=\"\" class=\"wp-image-488\" style=\"width:724px;height:auto\" srcset=\"https:\/\/corunarollerderby.es\/wp-content\/uploads\/2025\/08\/setembro25jjppaaBR-724x1024.jpg 724w, https:\/\/corunarollerderby.es\/wp-content\/uploads\/2025\/08\/setembro25jjppaaBR-212x300.jpg 212w, https:\/\/corunarollerderby.es\/wp-content\/uploads\/2025\/08\/setembro25jjppaaBR.jpg 842w\" sizes=\"auto, (max-width: 724px) 100vw, 724px\" \/><\/figure>\n\n\n\n<div style=\"height:64px\" aria-hidden=\"true\" class=\"wp-block-spacer\"><\/div>\n\n\n\n<div class=\"wp-block-columns ticss-518d25a2 is-layout-flex wp-container-core-columns-is-layout-28f84493 wp-block-columns-is-layout-flex\">\n<div class=\"wp-block-column is-layout-flow wp-block-column-is-layout-flow\">\n<h2 class=\"wp-block-heading\"><\/h2>\n\n\n\n<h2 class=\"wp-block-heading\">Qu\u00e9n somos?<\/h2>\n\n\n\n<p>Somos un pequeno gran equipo que non para de medrar! Traballamos duro cada semana a trav\u00e9s de adestramentos, preparaci\u00f3n f\u00edsica e te\u00f3rica e volc\u00e1ndonos nas actividades do clube.<\/p>\n\n\n\n<p>Disciplina, motivaci\u00f3n e traballo en equipo son as bases do noso ser e buscamos xente que comparta estos valores tam\u00e9n. Se o que est\u00e1s lendo resoa en ti, ent\u00f3n escr\u00edbenos un coreo ou a trav\u00e9s do formulario de contacto.<\/p>\n\n\n\n<p>Os adestramentos de Roller Derby est\u00e1n encami\u00f1ados a xogar, arbitrar ou axudar en encontros oficiais e non oficiais.<\/p>\n\n\n\n<div style=\"height:40px\" aria-hidden=\"true\" class=\"wp-block-spacer\"><\/div>\n\n\n\n<figure class=\"wp-block-image aligncenter size-large\"><img loading=\"lazy\" decoding=\"async\" width=\"768\" height=\"1024\" src=\"https:\/\/corunarollerderby.es\/wp-content\/uploads\/2025\/08\/foto-partido-gauy-1-768x1024.jpg\" alt=\"\" class=\"wp-image-456\" srcset=\"https:\/\/corunarollerderby.es\/wp-content\/uploads\/2025\/08\/foto-partido-gauy-1-768x1024.jpg 768w, https:\/\/corunarollerderby.es\/wp-content\/uploads\/2025\/08\/foto-partido-gauy-1-225x300.jpg 225w, https:\/\/corunarollerderby.es\/wp-content\/uploads\/2025\/08\/foto-partido-gauy-1-2000x2667.jpg 2000w, https:\/\/corunarollerderby.es\/wp-content\/uploads\/2025\/08\/foto-partido-gauy-1-scaled.jpg 1920w\" sizes=\"auto, (max-width: 768px) 100vw, 768px\" \/><\/figure>\n\n\n\n<div style=\"height:40px\" aria-hidden=\"true\" class=\"wp-block-spacer\"><\/div>\n\n\n\n<div class=\"wp-block-columns is-layout-flex wp-container-core-columns-is-layout-28f84493 wp-block-columns-is-layout-flex\">\n<div class=\"wp-block-column is-layout-flow wp-block-column-is-layout-flow\">\n<h3 class=\"wp-block-heading has-text-align-left\">Perfil<\/h3>\n\n\n\n<hr class=\"wp-block-separator has-alpha-channel-opacity is-style-wide\"\/>\n\n\n\n<ul id=\"block-82c5cef4-ddb7-4c0e-890e-eb72a8b93869\" class=\"wp-block-list\">\n<li>Tes m\u00e1is de 15 anos.<\/li>\n\n\n\n<li>Disciplina e disponibilidade para acudir aos adestramentos e actividades do clube.<\/li>\n\n\n\n<li>Ser constante nos cometidos.<\/li>\n<\/ul>\n<\/div>\n\n\n\n<div class=\"wp-block-column is-layout-flow wp-block-column-is-layout-flow\">\n<h3 class=\"wp-block-heading\">Qu\u00e9 aprender\u00e1s<\/h3>\n\n\n\n<hr class=\"wp-block-separator has-alpha-channel-opacity is-style-wide\"\/>\n\n\n\n<ul class=\"wp-block-list\">\n<li>Patinar e xogar ao Roller Derby para tomar parte nos encontros.<\/li>\n\n\n\n<li>Teor\u00eda e din\u00e1mica de xogo.<\/li>\n\n\n\n<li>Traballo en equipo sen importar nivel ou xerarqu\u00eda.<\/li>\n<\/ul>\n<\/div>\n<\/div>\n\n\n\n<p class=\"has-text-align-left\">Non \u00e9 preciso que saibas previamente do deporte ou o xogues, n\u00f3s ensin\u00e1moste todo o relacionado co deporte, t\u00ed s\u00f3 pon as ganas. Coa colaboraci\u00f3n do Concello da Coru\u00f1a.<\/p>\n<\/div>\n<\/div>\n\n\n\n<div style=\"height:64px\" aria-hidden=\"true\" class=\"wp-block-spacer\"><\/div>\n\n\n\n<figure class=\"wp-block-image aligncenter size-full is-resized\"><img loading=\"lazy\" decoding=\"async\" width=\"726\" height=\"173\" src=\"https:\/\/corunarollerderby.es\/wp-content\/uploads\/2024\/07\/marcaCorporativa2023_fondoAzul.png\" alt=\"\" class=\"wp-image-351\" style=\"width:351px;height:auto\" srcset=\"https:\/\/corunarollerderby.es\/wp-content\/uploads\/2024\/07\/marcaCorporativa2023_fondoAzul.png 726w, https:\/\/corunarollerderby.es\/wp-content\/uploads\/2024\/07\/marcaCorporativa2023_fondoAzul-300x71.png 300w\" sizes=\"auto, (max-width: 726px) 100vw, 726px\" \/><\/figure>\n\n\n\n<figure class=\"wp-block-image aligncenter size-large is-resized\"><img loading=\"lazy\" decoding=\"async\" width=\"1024\" height=\"293\" src=\"https:\/\/corunarollerderby.es\/wp-content\/uploads\/2025\/08\/XUNTA-GALICIA-LOGO-1-1024x293.png\" alt=\"\" class=\"wp-image-464\" style=\"width:199px;height:auto\" srcset=\"https:\/\/corunarollerderby.es\/wp-content\/uploads\/2025\/08\/XUNTA-GALICIA-LOGO-1-1024x293.png 1024w, https:\/\/corunarollerderby.es\/wp-content\/uploads\/2025\/08\/XUNTA-GALICIA-LOGO-1-300x86.png 300w, https:\/\/corunarollerderby.es\/wp-content\/uploads\/2025\/08\/XUNTA-GALICIA-LOGO-1-2000x571.png 2000w\" sizes=\"auto, (max-width: 1024px) 100vw, 1024px\" \/><\/figure>\n\n\n\n<figure class=\"wp-block-image aligncenter size-full is-resized\"><img loading=\"lazy\" decoding=\"async\" width=\"338\" height=\"141\" src=\"https:\/\/corunarollerderby.es\/wp-content\/uploads\/2025\/08\/Captura-de-pantalla-2025-08-07-a-las-13.07.19.png\" alt=\"\" class=\"wp-image-471\" style=\"width:202px;height:auto\" srcset=\"https:\/\/corunarollerderby.es\/wp-content\/uploads\/2025\/08\/Captura-de-pantalla-2025-08-07-a-las-13.07.19.png 338w, https:\/\/corunarollerderby.es\/wp-content\/uploads\/2025\/08\/Captura-de-pantalla-2025-08-07-a-las-13.07.19-300x125.png 300w\" sizes=\"auto, (max-width: 338px) 100vw, 338px\" \/><\/figure>\n\n\n\n<figure class=\"wp-block-image aligncenter size-full\"><img loading=\"lazy\" decoding=\"async\" width=\"224\" height=\"102\" src=\"https:\/\/corunarollerderby.es\/wp-content\/uploads\/2025\/08\/images-1.jpeg\" alt=\"\" class=\"wp-image-473\"\/><\/figure>\n\n\n\n<hr class=\"wp-block-separator has-alpha-channel-opacity is-style-wide ticss-d02e62ad\"\/>\n\n\n\n<div style=\"height:64px\" aria-hidden=\"true\" class=\"wp-block-spacer\"><\/div>\n\n\n\n<div class=\"wp-block-columns ticss-b0f87a75 is-layout-flex wp-container-core-columns-is-layout-28f84493 wp-block-columns-is-layout-flex\">\n<div class=\"wp-block-column is-layout-flow wp-block-column-is-layout-flow\">\n<p>Se precisas m\u00e1is informaci\u00f3n ou queres unirte escr\u00edbenos a trav\u00e9s da <a class=\"text-bold-green\" href=\"#\">nosa p\u00e1xina web<\/a> ou a trav\u00e9s do noso <a class=\"text-bold-green\" href=\"mailto:irmandinasrd@gmail.com\">correo electr\u00f3nico<\/a>.<\/p>\n\n\n\n<div style=\"height:40px\" aria-hidden=\"true\" class=\"wp-block-spacer\"><\/div>\n\n\n\n<div class=\"wp-block-columns is-layout-flex wp-container-core-columns-is-layout-28f84493 wp-block-columns-is-layout-flex\">\n<div class=\"wp-block-column is-layout-flow wp-block-column-is-layout-flow\" style=\"flex-basis:25%\"><\/div>\n\n\n\n<div class=\"wp-block-column is-layout-flow wp-block-column-is-layout-flow\" style=\"flex-basis:50%\"><\/div>\n\n\n\n<div class=\"wp-block-column is-layout-flow wp-block-column-is-layout-flow\" style=\"flex-basis:25%\"><\/div>\n<\/div>\n<\/div>\n<\/div>\n\n\n\n<div style=\"height:80px\" aria-hidden=\"true\" class=\"wp-block-spacer\"><\/div>\n\n\n\n<div class=\"wp-block-columns alignfull ticss-f6e96334 has-white-color has-text-color has-background is-layout-flex wp-container-core-columns-is-layout-28f84493 wp-block-columns-is-layout-flex\" style=\"background-color:#000000e3\">\n<div class=\"wp-block-column is-layout-flow wp-block-column-is-layout-flow\" style=\"flex-basis:25%\"><\/div>\n\n\n\n<div class=\"wp-block-column is-layout-flow wp-block-column-is-layout-flow\" style=\"flex-basis:50%\">\n<div style=\"height:40px\" aria-hidden=\"true\" class=\"wp-block-spacer\"><\/div>\n\n\n\n<hr class=\"wp-block-separator has-text-color has-white-color has-alpha-channel-opacity has-white-background-color has-background is-style-wide\"\/>\n<\/div>\n\n\n\n<div class=\"wp-block-column is-layout-flow wp-block-column-is-layout-flow\" style=\"flex-basis:25%\"><\/div>\n<\/div>\n","protected":false},"excerpt":{"rendered":"<p>\ud83c\udf89 XORNADA DE PORTAS ABERTAS \ud83c\udf89 Tes m\u00e1is de 15 anos e gustar\u00edache unirte a un equipo incrible?V\u00e9n co\u00f1ecernos o xoves 11 de setembro \u00e1s 21:00 h no Polideportivo Agra Forus. Podes probar connosco na pista ou simplemente vir de o\u00ednte para ver como funciona o equipo. O importante \u00e9 que te achegue! Por favor &hellip; <\/p>\n<p class=\"link-more\"><a href=\"https:\/\/corunarollerderby.es\/\" class=\"more-link\">Leer m\u00e1s<span class=\"screen-reader-text\"> \u00abXornadas portas abertas\u00bb<\/span><\/a><\/p>\n","protected":false},"author":1,"featured_media":74,"parent":0,"menu_order":0,"comment_status":"closed","ping_status":"closed","template":"page-templates\/homepage-builder-bb.php","meta":{"inspiro_hide_title":false,"footnotes":""},"class_list":["post-55","page","type-page","status-publish","has-post-thumbnail","hentry"],"_links":{"self":[{"href":"https:\/\/corunarollerderby.es\/index.php?rest_route=\/wp\/v2\/pages\/55","targetHints":{"allow":["GET"]}}],"collection":[{"href":"https:\/\/corunarollerderby.es\/index.php?rest_route=\/wp\/v2\/pages"}],"about":[{"href":"https:\/\/corunarollerderby.es\/index.php?rest_route=\/wp\/v2\/types\/page"}],"author":[{"embeddable":true,"href":"https:\/\/corunarollerderby.es\/index.php?rest_route=\/wp\/v2\/users\/1"}],"replies":[{"embeddable":true,"href":"https:\/\/corunarollerderby.es\/index.php?rest_route=%2Fwp%2Fv2%2Fcomments&post=55"}],"version-history":[{"count":70,"href":"https:\/\/corunarollerderby.es\/index.php?rest_route=\/wp\/v2\/pages\/55\/revisions"}],"predecessor-version":[{"id":511,"href":"https:\/\/corunarollerderby.es\/index.php?rest_route=\/wp\/v2\/pages\/55\/revisions\/511"}],"wp:featuredmedia":[{"embeddable":true,"href":"https:\/\/corunarollerderby.es\/index.php?rest_route=\/wp\/v2\/media\/74"}],"wp:attachment":[{"href":"https:\/\/corunarollerderby.es\/index.php?rest_route=%2Fwp%2Fv2%2Fmedia&parent=55"}],"curies":[{"name":"wp","href":"https:\/\/api.w.org\/{rel}","templated":true}]}}